{"id":10134,"date":"2025-06-16T08:28:30","date_gmt":"2025-06-16T08:28:30","guid":{"rendered":"https:\/\/www.newfish.es\/mercados-y-canales-de-venta\/"},"modified":"2025-11-27T08:05:40","modified_gmt":"2025-11-27T08:05:40","slug":"marches-et-canaux-de-vente","status":"publish","type":"page","link":"https:\/\/www.newfish.es\/fr\/marches-et-canaux-de-vente\/","title":{"rendered":"March\u00e9s et canaux de vente"},"content":{"rendered":"\t\t<div data-elementor-type=\"wp-page\" data-elementor-id=\"10134\" class=\"elementor elementor-10134 elementor-6794\" data-elementor-post-type=\"page\">\n\t\t\t\t\t\t<section class=\"elementor-section elementor-top-section elementor-element elementor-element-0c14433 elementor-section-height-min-height elementor-section-items-bottom elementor-section-boxed elementor-section-height-default\" data-id=\"0c14433\" data-element_type=\"section\" data-settings=\"{&quot;background_background&quot;:&quot;classic&quot;}\">\n\t\t\t\t\t\t\t<div class=\"elementor-background-overlay\"><\/div>\n\t\t\t\t\t\t\t<div class=\"elementor-container elementor-column-gap-default\">\n\t\t\t\t\t<div class=\"elementor-column elementor-col-100 elementor-top-column elementor-element elementor-element-7a94e78 elementor-invisible\" data-id=\"7a94e78\" data-element_type=\"column\" data-settings=\"{&quot;animation&quot;:&quot;fadeInDown&quot;}\">\n\t\t\t<div class=\"elementor-widget-wrap elementor-element-populated\">\n\t\t\t\t\t\t<div class=\"elementor-element elementor-element-c0c0996 elementor-widget__width-initial elementor-widget elementor-widget-hub_fancy_heading\" data-id=\"c0c0996\" data-element_type=\"widget\" data-widget_type=\"hub_fancy_heading.default\">\n\t\t\t\t<div class=\"elementor-widget-container\">\n\t\t\t\t\t\n\t\t<div id=\"ld-fancy-heading-69f223a240110\" class=\"ld-fancy-heading pos-rel\">\n\t\t\t<h1 class=\"ld-fh-element d-inline-block pos-rel  elementor-heading-title lqd-highlight-classic lqd-highlight-grow-left h1\"  > MARCH\u00c9S ET CANAUX DE VENTE<\/h1>\t\t<\/div>\n\n\t\t\t\t\t\t<\/div>\n\t\t\t\t<\/div>\n\t\t\t\t\t<\/div>\n\t\t<\/div>\n\t\t\t\t\t<\/div>\n\t\t<\/section>\n\t\t<div class=\"elementor-element elementor-element-d19fa88 e-flex e-con-boxed e-con e-parent\" data-id=\"d19fa88\" data-element_type=\"container\">\n\t\t\t\t\t<div class=\"e-con-inner\">\n\t\t\t\t<div class=\"elementor-element elementor-element-48405ab elementor-widget elementor-widget-hub_fancy_heading\" data-id=\"48405ab\" data-element_type=\"widget\" data-widget_type=\"hub_fancy_heading.default\">\n\t\t\t\t<div class=\"elementor-widget-container\">\n\t\t\t\t\t\n\t\t<div id=\"ld-fancy-heading-69f223a2408c0\" class=\"ld-fancy-heading pos-rel\">\n\t\t\t<h2 class=\"ld-fh-element d-inline-block pos-rel  elementor-heading-title lqd-highlight-classic lqd-highlight-grow-left h2\"  > March\u00e9s<\/h2>\t\t<\/div>\n\n\t\t\t\t\t\t<\/div>\n\t\t\t\t<\/div>\n\t\t\t\t<div class=\"elementor-element elementor-element-dadfe98 elementor-widget__width-initial elementor-widget elementor-widget-hub_fancy_heading\" data-id=\"dadfe98\" data-element_type=\"widget\" data-widget_type=\"hub_fancy_heading.default\">\n\t\t\t\t<div class=\"elementor-widget-container\">\n\t\t\t\t\t\n\t\t<div id=\"ld-fancy-heading-69f223a240f26\" class=\"ld-fancy-heading pos-rel\">\n\t\t\t<p class=\"ld-fh-element d-inline-block pos-rel  lqd-highlight-classic lqd-highlight-grow-left p\"  > Nos solutions en poisson congel\u00e9 sont commercialis\u00e9es sur les march\u00e9s des pays suivants :<\/p>\t\t<\/div>\n\n\t\t\t\t\t\t<\/div>\n\t\t\t\t<\/div>\n\t\t\t\t\t<\/div>\n\t\t\t\t<\/div>\n\t\t<div class=\"elementor-element elementor-element-a6a3807 e-flex e-con-boxed e-con e-parent\" data-id=\"a6a3807\" data-element_type=\"container\" data-settings=\"{&quot;background_background&quot;:&quot;classic&quot;}\">\n\t\t\t\t\t<div class=\"e-con-inner\">\n\t\t<div class=\"elementor-element elementor-element-94a3212 e-con-full e-flex e-con e-child\" data-id=\"94a3212\" data-element_type=\"container\">\n\t\t\t\t<div class=\"elementor-element elementor-element-c19655e elementor-widget elementor-widget-image-box\" data-id=\"c19655e\" data-element_type=\"widget\" data-widget_type=\"image-box.default\">\n\t\t\t\t<div class=\"elementor-widget-container\">\n\t\t\t\t\t<div class=\"elementor-image-box-wrapper\"><div class=\"elementor-image-box-content\"><h3 class=\"elementor-image-box-title\">UE<\/h3><p class=\"elementor-image-box-description\">Espagne, Portugal, France, Italie, Pays-Bas, Gr\u00e8ce, Allemagne, Danemark, Irlande, Su\u00e8de, Pologne, Norv\u00e8ge...<\/p><\/div><\/div>\t\t\t\t<\/div>\n\t\t\t\t<\/div>\n\t\t\t\t<\/div>\n\t\t<div class=\"elementor-element elementor-element-5f188e1 e-con-full e-flex e-con e-child\" data-id=\"5f188e1\" data-element_type=\"container\">\n\t\t\t\t<div class=\"elementor-element elementor-element-a3d4907 elementor-widget elementor-widget-image-box\" data-id=\"a3d4907\" data-element_type=\"widget\" data-widget_type=\"image-box.default\">\n\t\t\t\t<div class=\"elementor-widget-container\">\n\t\t\t\t\t<div class=\"elementor-image-box-wrapper\"><div class=\"elementor-image-box-content\"><h3 class=\"elementor-image-box-title\">Hors UE<\/h3><p class=\"elementor-image-box-description\">Uruguay, Afrique du Sud, \u00c9tats-Unis, Ta\u00efwan, Maurice, Royaume-Uni, Namibie, Cor\u00e9e du Sud, Vietnam, Indon\u00e9sie\n<\/p><\/div><\/div>\t\t\t\t<\/div>\n\t\t\t\t<\/div>\n\t\t\t\t<\/div>\n\t\t\t\t\t<\/div>\n\t\t\t\t<\/div>\n\t\t<div class=\"elementor-element elementor-element-d628f40 e-flex e-con-boxed e-con e-parent\" data-id=\"d628f40\" data-element_type=\"container\">\n\t\t\t\t\t<div class=\"e-con-inner\">\n\t\t<div data-custom-animations=\"true\" data-ca-options=\"{&quot;addChildTimelines&quot;:false,&quot;trigger&quot;:&quot;firstChild&quot;,&quot;animationTarget&quot;:&quot;:scope  &gt; .elementor-element:not(.lqd-exclude-parent-ca) &gt; .elementor-widget-container, :scope  &gt; .elementor-widget-hub_fancy_heading .lqd-split-lines .lqd-lines .split-inner, :scope  &gt; .elementor-widget-hub_fancy_heading .lqd-split-words .lqd-words .split-inner, :scope  &gt; .elementor-widget-hub_fancy_heading .lqd-split-chars .lqd-chars .split-inner, :scope  &gt; .elementor-widget-hub_fancy_heading .lqd-adv-txt-fig, :scope  &gt; .elementor-widget-ld_custom_menu .lqd-fancy-menu &gt; ul &gt; li, :scope .e-con:not([data-parallax]) .elementor-element &gt; .elementor-widget-container, :scope .e-con:not([data-parallax]) .elementor-widget-hub_fancy_heading .lqd-split-lines .lqd-lines .split-inner, :scope .e-con:not([data-parallax]) .elementor-widget-hub_fancy_heading .lqd-split-words .lqd-words .split-inner, :scope .e-con:not([data-parallax]) .elementor-widget-hub_fancy_heading .lqd-split-chars .lqd-chars .split-inner, :scope .e-con:not([data-parallax]) .elementor-widget-ld_custom_menu .lqd-fancy-menu &gt; ul &gt; li&quot;,&quot;duration&quot;:1000,&quot;delay&quot;:60,&quot;ease&quot;:&quot;expo.out&quot;,&quot;initValues&quot;:{&quot;y&quot;:&quot;30px&quot;,&quot;opacity&quot;:0,&quot;transformOrigin&quot;:&quot;50% 50% 0px&quot;},&quot;animations&quot;:{&quot;y&quot;:&quot;0px&quot;,&quot;opacity&quot;:1,&quot;transformOrigin&quot;:&quot;50% 50% 0px&quot;}}\" class=\"elementor-element elementor-element-66014b4 e-con-full e-flex e-con e-child\" data-id=\"66014b4\" data-element_type=\"container\">\n\t\t\t\t<div class=\"elementor-element elementor-element-9531225 elementor-widget elementor-widget-hub_fancy_heading\" data-id=\"9531225\" data-element_type=\"widget\" data-widget_type=\"hub_fancy_heading.default\">\n\t\t\t\t<div class=\"elementor-widget-container\">\n\t\t\t\t\t\n\t\t<div id=\"ld-fancy-heading-69f223a24148a\" class=\"ld-fancy-heading pos-rel\">\n\t\t\t<h2 class=\"ld-fh-element d-inline-block pos-rel  elementor-heading-title lqd-highlight-classic lqd-highlight-grow-left h2\"  > Canaux de vente<\/h2>\t\t<\/div>\n\n\t\t\t\t\t\t<\/div>\n\t\t\t\t<\/div>\n\t\t\t\t<div class=\"elementor-element elementor-element-0e7e277 elementor-widget__width-inherit elementor-widget elementor-widget-hub_fancy_heading\" data-id=\"0e7e277\" data-element_type=\"widget\" data-widget_type=\"hub_fancy_heading.default\">\n\t\t\t\t<div class=\"elementor-widget-container\">\n\t\t\t\t\t\n\t\t<div id=\"ld-fancy-heading-69f223a241a09\" class=\"ld-fancy-heading pos-rel\">\n\t\t\t<p class=\"ld-fh-element d-inline-block pos-rel  lqd-highlight-classic lqd-highlight-grow-left p\"  > Et au sein de ces march\u00e9s, nous adaptons leurs d\u00e9coupes, formats et pr\u00e9sentations aux besoins sp\u00e9cifiques des diff\u00e9rents canaux de vente:<\/p>\t\t<\/div>\n\n\t\t\t\t\t\t<\/div>\n\t\t\t\t<\/div>\n\t\t\t\t<div class=\"elementor-element elementor-element-2331069 elementor-icon-list--layout-traditional elementor-list-item-link-full_width elementor-widget elementor-widget-icon-list\" data-id=\"2331069\" data-element_type=\"widget\" data-widget_type=\"icon-list.default\">\n\t\t\t\t<div class=\"elementor-widget-container\">\n\t\t\t\t\t\t\t<ul class=\"elementor-icon-list-items\">\n\t\t\t\t\t\t\t<li class=\"elementor-icon-list-item\">\n\t\t\t\t\t\t\t\t\t\t\t<span class=\"elementor-icon-list-icon\">\n\t\t\t\t\t\t\t<i aria-hidden=\"true\" class=\"lqd-icn-ess icon-md-arrow-forward\"><\/i>\t\t\t\t\t\t<\/span>\n\t\t\t\t\t\t\t\t\t\t<span class=\"elementor-icon-list-text\">HORECA (Hostellerie & Restauration & Catering)<\/span>\n\t\t\t\t\t\t\t\t\t<\/li>\n\t\t\t\t\t\t\t\t<li class=\"elementor-icon-list-item\">\n\t\t\t\t\t\t\t\t\t\t\t<span class=\"elementor-icon-list-icon\">\n\t\t\t\t\t\t\t<i aria-hidden=\"true\" class=\"lqd-icn-ess icon-md-arrow-forward\"><\/i>\t\t\t\t\t\t<\/span>\n\t\t\t\t\t\t\t\t\t\t<span class=\"elementor-icon-list-text\">INDUSTRIE<\/span>\n\t\t\t\t\t\t\t\t\t<\/li>\n\t\t\t\t\t\t\t\t<li class=\"elementor-icon-list-item\">\n\t\t\t\t\t\t\t\t\t\t\t<span class=\"elementor-icon-list-icon\">\n\t\t\t\t\t\t\t<i aria-hidden=\"true\" class=\"lqd-icn-ess icon-md-arrow-forward\"><\/i>\t\t\t\t\t\t<\/span>\n\t\t\t\t\t\t\t\t\t\t<span class=\"elementor-icon-list-text\">RETAIL<\/span>\n\t\t\t\t\t\t\t\t\t<\/li>\n\t\t\t\t\t\t<\/ul>\n\t\t\t\t\t\t<\/div>\n\t\t\t\t<\/div>\n\t\t\t\t<\/div>\n\t\t<div data-custom-animations=\"true\" data-ca-options=\"{&quot;addChildTimelines&quot;:false,&quot;trigger&quot;:&quot;firstChild&quot;,&quot;animationTarget&quot;:&quot;:scope  &gt; .elementor-element:not(.lqd-exclude-parent-ca) &gt; .elementor-widget-container, :scope  &gt; .elementor-widget-hub_fancy_heading .lqd-split-lines .lqd-lines .split-inner, :scope  &gt; .elementor-widget-hub_fancy_heading .lqd-split-words .lqd-words .split-inner, :scope  &gt; .elementor-widget-hub_fancy_heading .lqd-split-chars .lqd-chars .split-inner, :scope  &gt; .elementor-widget-hub_fancy_heading .lqd-adv-txt-fig, :scope  &gt; .elementor-widget-ld_custom_menu .lqd-fancy-menu &gt; ul &gt; li, :scope .e-con:not([data-parallax]) .elementor-element &gt; .elementor-widget-container, :scope .e-con:not([data-parallax]) .elementor-widget-hub_fancy_heading .lqd-split-lines .lqd-lines .split-inner, :scope .e-con:not([data-parallax]) .elementor-widget-hub_fancy_heading .lqd-split-words .lqd-words .split-inner, :scope .e-con:not([data-parallax]) .elementor-widget-hub_fancy_heading .lqd-split-chars .lqd-chars .split-inner, :scope .e-con:not([data-parallax]) .elementor-widget-ld_custom_menu .lqd-fancy-menu &gt; ul &gt; li&quot;,&quot;duration&quot;:1000,&quot;startDelay&quot;:300,&quot;delay&quot;:60,&quot;ease&quot;:&quot;expo.out&quot;,&quot;initValues&quot;:{&quot;scaleX&quot;:0.8,&quot;scaleY&quot;:0.8,&quot;opacity&quot;:0,&quot;transformOrigin&quot;:&quot;50% 50% 0px&quot;},&quot;animations&quot;:{&quot;scaleX&quot;:1,&quot;scaleY&quot;:1,&quot;opacity&quot;:1,&quot;transformOrigin&quot;:&quot;50% 50% 0px&quot;}}\" class=\"elementor-element elementor-element-24dd88c e-con-full e-flex e-con e-child\" data-id=\"24dd88c\" data-element_type=\"container\" data-settings=\"{&quot;background_background&quot;:&quot;classic&quot;}\">\n\t\t\t\t<\/div>\n\t\t\t\t\t<\/div>\n\t\t\t\t<\/div>\n\t\t\t\t<\/div>\n\t\t","protected":false},"excerpt":{"rendered":"<p>MARCH\u00c9S ET CANAUX DE VENTE March\u00e9s Nos solutions en poisson congel\u00e9 sont commercialis\u00e9es sur les march\u00e9s des pays suivants : UE Espagne, Portugal, France, Italie, Pays-Bas, Gr\u00e8ce, Allemagne, Danemark, Irlande, Su\u00e8de, Pologne, Norv\u00e8ge&#8230; Hors UE Uruguay, Afrique du Sud, \u00c9tats-Unis, Ta\u00efwan, Maurice, Royaume-Uni, Namibie, Cor\u00e9e du Sud, Vietnam, Indon\u00e9sie Canaux de vente Et au sein [&hellip;]<\/p>\n","protected":false},"author":1,"featured_media":0,"parent":0,"menu_order":0,"comment_status":"closed","ping_status":"closed","template":"","meta":{"_acf_changed":false,"footnotes":""},"class_list":["post-10134","page","type-page","status-publish","hentry"],"acf":[],"yoast_head":"<!-- This site is optimized with the Yoast SEO plugin v26.1.1 - https:\/\/yoast.com\/wordpress\/plugins\/seo\/ -->\n<title>March\u00e9s et canaux de vente | Newfish | Soluciones en Pescado Congelado<\/title>\n<meta name=\"robots\" content=\"index, follow, max-snippet:-1, max-image-preview:large, max-video-preview:-1\" \/>\n<link rel=\"canonical\" href=\"https:\/\/www.newfish.es\/fr\/marches-et-canaux-de-vente\/\" \/>\n<meta property=\"og:locale\" content=\"fr_FR\" \/>\n<meta property=\"og:type\" content=\"article\" \/>\n<meta property=\"og:title\" content=\"March\u00e9s et canaux de vente | Newfish | Soluciones en Pescado Congelado\" \/>\n<meta property=\"og:description\" content=\"MARCH\u00c9S ET CANAUX DE VENTE March\u00e9s Nos solutions en poisson congel\u00e9 sont commercialis\u00e9es sur les march\u00e9s des pays suivants : UE Espagne, Portugal, France, Italie, Pays-Bas, Gr\u00e8ce, Allemagne, Danemark, Irlande, Su\u00e8de, Pologne, Norv\u00e8ge&#8230; Hors UE Uruguay, Afrique du Sud, \u00c9tats-Unis, Ta\u00efwan, Maurice, Royaume-Uni, Namibie, Cor\u00e9e du Sud, Vietnam, Indon\u00e9sie Canaux de vente Et au sein [&hellip;]\" \/>\n<meta property=\"og:url\" content=\"https:\/\/www.newfish.es\/fr\/marches-et-canaux-de-vente\/\" \/>\n<meta property=\"og:site_name\" content=\"Newfish | Soluciones en Pescado Congelado\" \/>\n<meta property=\"article:modified_time\" content=\"2025-11-27T08:05:40+00:00\" \/>\n<meta property=\"og:image\" content=\"https:\/\/www.newfish.es\/wp-content\/uploads\/2025\/09\/Joao-Castro-2.jpg\" \/>\n\t<meta property=\"og:image:width\" content=\"1900\" \/>\n\t<meta property=\"og:image:height\" content=\"1069\" \/>\n\t<meta property=\"og:image:type\" content=\"image\/jpeg\" \/>\n<meta name=\"twitter:card\" content=\"summary_large_image\" \/>\n<meta name=\"twitter:label1\" content=\"Dur\u00e9e de lecture estim\u00e9e\" \/>\n\t<meta name=\"twitter:data1\" content=\"1 minute\" \/>\n<script type=\"application\/ld+json\" class=\"yoast-schema-graph\">{\"@context\":\"https:\/\/schema.org\",\"@graph\":[{\"@type\":\"WebPage\",\"@id\":\"https:\/\/www.newfish.es\/fr\/marches-et-canaux-de-vente\/\",\"url\":\"https:\/\/www.newfish.es\/fr\/marches-et-canaux-de-vente\/\",\"name\":\"March\u00e9s et canaux de vente | Newfish | Soluciones en Pescado Congelado\",\"isPartOf\":{\"@id\":\"https:\/\/www.newfish.es\/#website\"},\"datePublished\":\"2025-06-16T08:28:30+00:00\",\"dateModified\":\"2025-11-27T08:05:40+00:00\",\"breadcrumb\":{\"@id\":\"https:\/\/www.newfish.es\/fr\/marches-et-canaux-de-vente\/#breadcrumb\"},\"inLanguage\":\"fr-FR\",\"potentialAction\":[{\"@type\":\"ReadAction\",\"target\":[\"https:\/\/www.newfish.es\/fr\/marches-et-canaux-de-vente\/\"]}]},{\"@type\":\"BreadcrumbList\",\"@id\":\"https:\/\/www.newfish.es\/fr\/marches-et-canaux-de-vente\/#breadcrumb\",\"itemListElement\":[{\"@type\":\"ListItem\",\"position\":1,\"name\":\"Portada\",\"item\":\"https:\/\/www.newfish.es\/fr\/\"},{\"@type\":\"ListItem\",\"position\":2,\"name\":\"March\u00e9s et canaux de vente\"}]},{\"@type\":\"WebSite\",\"@id\":\"https:\/\/www.newfish.es\/#website\",\"url\":\"https:\/\/www.newfish.es\/\",\"name\":\"Newfish | Soluciones en Pescado Congelado\",\"description\":\"Tu aliado en frescura, calidad y log\u00edstica.\",\"publisher\":{\"@id\":\"https:\/\/www.newfish.es\/#organization\"},\"alternateName\":\"Newfish\",\"potentialAction\":[{\"@type\":\"SearchAction\",\"target\":{\"@type\":\"EntryPoint\",\"urlTemplate\":\"https:\/\/www.newfish.es\/?s={search_term_string}\"},\"query-input\":{\"@type\":\"PropertyValueSpecification\",\"valueRequired\":true,\"valueName\":\"search_term_string\"}}],\"inLanguage\":\"fr-FR\"},{\"@type\":\"Organization\",\"@id\":\"https:\/\/www.newfish.es\/#organization\",\"name\":\"Newfish | Soluciones en Pescado Congelado\",\"url\":\"https:\/\/www.newfish.es\/\",\"logo\":{\"@type\":\"ImageObject\",\"inLanguage\":\"fr-FR\",\"@id\":\"https:\/\/www.newfish.es\/#\/schema\/logo\/image\/\",\"url\":\"https:\/\/www.newfish.es\/wp-content\/uploads\/2025\/09\/LOGO-NEWFISH-BLUE-e1757498129216.png\",\"contentUrl\":\"https:\/\/www.newfish.es\/wp-content\/uploads\/2025\/09\/LOGO-NEWFISH-BLUE-e1757498129216.png\",\"width\":874,\"height\":679,\"caption\":\"Newfish | Soluciones en Pescado Congelado\"},\"image\":{\"@id\":\"https:\/\/www.newfish.es\/#\/schema\/logo\/image\/\"}}]}<\/script>\n<!-- \/ Yoast SEO plugin. -->","yoast_head_json":{"title":"March\u00e9s et canaux de vente | Newfish | Soluciones en Pescado Congelado","robots":{"index":"index","follow":"follow","max-snippet":"max-snippet:-1","max-image-preview":"max-image-preview:large","max-video-preview":"max-video-preview:-1"},"canonical":"https:\/\/www.newfish.es\/fr\/marches-et-canaux-de-vente\/","og_locale":"fr_FR","og_type":"article","og_title":"March\u00e9s et canaux de vente | Newfish | Soluciones en Pescado Congelado","og_description":"MARCH\u00c9S ET CANAUX DE VENTE March\u00e9s Nos solutions en poisson congel\u00e9 sont commercialis\u00e9es sur les march\u00e9s des pays suivants : UE Espagne, Portugal, France, Italie, Pays-Bas, Gr\u00e8ce, Allemagne, Danemark, Irlande, Su\u00e8de, Pologne, Norv\u00e8ge&#8230; Hors UE Uruguay, Afrique du Sud, \u00c9tats-Unis, Ta\u00efwan, Maurice, Royaume-Uni, Namibie, Cor\u00e9e du Sud, Vietnam, Indon\u00e9sie Canaux de vente Et au sein [&hellip;]","og_url":"https:\/\/www.newfish.es\/fr\/marches-et-canaux-de-vente\/","og_site_name":"Newfish | Soluciones en Pescado Congelado","article_modified_time":"2025-11-27T08:05:40+00:00","og_image":[{"width":1900,"height":1069,"url":"https:\/\/www.newfish.es\/wp-content\/uploads\/2025\/09\/Joao-Castro-2.jpg","type":"image\/jpeg"}],"twitter_card":"summary_large_image","twitter_misc":{"Dur\u00e9e de lecture estim\u00e9e":"1 minute"},"schema":{"@context":"https:\/\/schema.org","@graph":[{"@type":"WebPage","@id":"https:\/\/www.newfish.es\/fr\/marches-et-canaux-de-vente\/","url":"https:\/\/www.newfish.es\/fr\/marches-et-canaux-de-vente\/","name":"March\u00e9s et canaux de vente | Newfish | Soluciones en Pescado Congelado","isPartOf":{"@id":"https:\/\/www.newfish.es\/#website"},"datePublished":"2025-06-16T08:28:30+00:00","dateModified":"2025-11-27T08:05:40+00:00","breadcrumb":{"@id":"https:\/\/www.newfish.es\/fr\/marches-et-canaux-de-vente\/#breadcrumb"},"inLanguage":"fr-FR","potentialAction":[{"@type":"ReadAction","target":["https:\/\/www.newfish.es\/fr\/marches-et-canaux-de-vente\/"]}]},{"@type":"BreadcrumbList","@id":"https:\/\/www.newfish.es\/fr\/marches-et-canaux-de-vente\/#breadcrumb","itemListElement":[{"@type":"ListItem","position":1,"name":"Portada","item":"https:\/\/www.newfish.es\/fr\/"},{"@type":"ListItem","position":2,"name":"March\u00e9s et canaux de vente"}]},{"@type":"WebSite","@id":"https:\/\/www.newfish.es\/#website","url":"https:\/\/www.newfish.es\/","name":"Newfish | Soluciones en Pescado Congelado","description":"Tu aliado en frescura, calidad y log\u00edstica.","publisher":{"@id":"https:\/\/www.newfish.es\/#organization"},"alternateName":"Newfish","potentialAction":[{"@type":"SearchAction","target":{"@type":"EntryPoint","urlTemplate":"https:\/\/www.newfish.es\/?s={search_term_string}"},"query-input":{"@type":"PropertyValueSpecification","valueRequired":true,"valueName":"search_term_string"}}],"inLanguage":"fr-FR"},{"@type":"Organization","@id":"https:\/\/www.newfish.es\/#organization","name":"Newfish | Soluciones en Pescado Congelado","url":"https:\/\/www.newfish.es\/","logo":{"@type":"ImageObject","inLanguage":"fr-FR","@id":"https:\/\/www.newfish.es\/#\/schema\/logo\/image\/","url":"https:\/\/www.newfish.es\/wp-content\/uploads\/2025\/09\/LOGO-NEWFISH-BLUE-e1757498129216.png","contentUrl":"https:\/\/www.newfish.es\/wp-content\/uploads\/2025\/09\/LOGO-NEWFISH-BLUE-e1757498129216.png","width":874,"height":679,"caption":"Newfish | Soluciones en Pescado Congelado"},"image":{"@id":"https:\/\/www.newfish.es\/#\/schema\/logo\/image\/"}}]}},"_links":{"self":[{"href":"https:\/\/www.newfish.es\/fr\/wp-json\/wp\/v2\/pages\/10134","targetHints":{"allow":["GET"]}}],"collection":[{"href":"https:\/\/www.newfish.es\/fr\/wp-json\/wp\/v2\/pages"}],"about":[{"href":"https:\/\/www.newfish.es\/fr\/wp-json\/wp\/v2\/types\/page"}],"author":[{"embeddable":true,"href":"https:\/\/www.newfish.es\/fr\/wp-json\/wp\/v2\/users\/1"}],"replies":[{"embeddable":true,"href":"https:\/\/www.newfish.es\/fr\/wp-json\/wp\/v2\/comments?post=10134"}],"version-history":[{"count":4,"href":"https:\/\/www.newfish.es\/fr\/wp-json\/wp\/v2\/pages\/10134\/revisions"}],"predecessor-version":[{"id":10188,"href":"https:\/\/www.newfish.es\/fr\/wp-json\/wp\/v2\/pages\/10134\/revisions\/10188"}],"wp:attachment":[{"href":"https:\/\/www.newfish.es\/fr\/wp-json\/wp\/v2\/media?parent=10134"}],"curies":[{"name":"wp","href":"https:\/\/api.w.org\/{rel}","templated":true}]}}