{"id":10451,"date":"2025-10-13T11:23:11","date_gmt":"2025-10-13T11:23:11","guid":{"rendered":"https:\/\/www.newfish.es\/politica-privacidad\/"},"modified":"2025-11-27T11:30:57","modified_gmt":"2025-11-27T11:30:57","slug":"politique-de-confidentialite","status":"publish","type":"page","link":"https:\/\/www.newfish.es\/fr\/politique-de-confidentialite\/","title":{"rendered":"Politique de confidentialit\u00e9"},"content":{"rendered":"\t\t<div data-elementor-type=\"wp-page\" data-elementor-id=\"10451\" class=\"elementor elementor-10451 elementor-9394\" data-elementor-post-type=\"page\">\n\t\t\t\t\t\t<section class=\"elementor-section elementor-top-section elementor-element elementor-element-45fff2e elementor-section-height-min-height elementor-section-items-bottom elementor-section-boxed elementor-section-height-default\" data-id=\"45fff2e\" data-element_type=\"section\" data-settings=\"{&quot;background_background&quot;:&quot;classic&quot;}\">\n\t\t\t\t\t\t\t<div class=\"elementor-background-overlay\"><\/div>\n\t\t\t\t\t\t\t<div class=\"elementor-container elementor-column-gap-default\">\n\t\t\t\t\t<div class=\"elementor-column elementor-col-100 elementor-top-column elementor-element elementor-element-2cf382e elementor-invisible\" data-id=\"2cf382e\" data-element_type=\"column\" data-settings=\"{&quot;animation&quot;:&quot;fadeInDown&quot;}\">\n\t\t\t<div class=\"elementor-widget-wrap elementor-element-populated\">\n\t\t\t\t\t\t<div class=\"elementor-element elementor-element-ed2fb50 elementor-widget__width-initial elementor-widget elementor-widget-hub_fancy_heading\" data-id=\"ed2fb50\" data-element_type=\"widget\" data-widget_type=\"hub_fancy_heading.default\">\n\t\t\t\t<div class=\"elementor-widget-container\">\n\t\t\t\t\t\n\t\t<div id=\"ld-fancy-heading-69f224c6d3bbc\" class=\"ld-fancy-heading pos-rel\">\n\t\t\t<h1 class=\"ld-fh-element d-inline-block pos-rel  elementor-heading-title lqd-highlight-classic lqd-highlight-grow-left h1\"  > POLITIQUE DE CONFIDENTIALIT\u00c9<\/h1>\t\t<\/div>\n\n\t\t\t\t\t\t<\/div>\n\t\t\t\t<\/div>\n\t\t\t\t\t<\/div>\n\t\t<\/div>\n\t\t\t\t\t<\/div>\n\t\t<\/section>\n\t\t<div class=\"elementor-element elementor-element-d19fa88 e-flex e-con-boxed e-con e-parent\" data-id=\"d19fa88\" data-element_type=\"container\">\n\t\t\t\t\t<div class=\"e-con-inner\">\n\t\t\t\t<div class=\"elementor-element elementor-element-2caa1e0 elementor-widget elementor-widget-text-editor\" data-id=\"2caa1e0\" data-element_type=\"widget\" data-widget_type=\"text-editor.default\">\n\t\t\t\t<div class=\"elementor-widget-container\">\n\t\t\t\t\t\t\t\t\t<p><span data-path-to-node=\"2,2,2,0\"><b>PROTECTION DES DONN\u00c9ES<\/b><\/span>\u00a0<\/p><p><span data-path-to-node=\"2,3,2,0\"><b>Informations de base sur la protection des donn\u00e9es personnelles<\/b><\/span>\u00a0<\/p><p><span data-path-to-node=\"2,4,2,0\">Conform\u00e9ment aux dispositions du R\u00e8glement G\u00e9n\u00e9ral sur la Protection des Donn\u00e9es relatives aux donn\u00e9es personnelles que vous allez fournir, l&#8217;int\u00e9ress\u00e9 est inform\u00e9 :<\/span>\u00a0<\/p><p><span data-path-to-node=\"2,5,2,0\"><b>Responsable du traitement :<\/b> NEWFISH<\/span>\u00a0<\/p><p><span data-path-to-node=\"2,6,2,0\"><b>Finalit\u00e9 :<\/b> La gestion des donn\u00e9es de contact, ainsi que, le cas \u00e9ch\u00e9ant, de la consultation effectu\u00e9e et, en cas de mission professionnelle ult\u00e9rieure, la gestion administrative, comptable et fiscale de l&#8217;affaire et son archivage dans le dossier appropri\u00e9.<\/span>\u00a0<\/p><p><span data-path-to-node=\"2,7,2,0\"><b>L\u00e9gitimation :<\/b> Consentement de l&#8217;int\u00e9ress\u00e9 ; et en cas de mission ult\u00e9rieure, la relation contractuelle formalis\u00e9e.<\/span>\u00a0<\/p><p><span data-path-to-node=\"2,8,2,0\"><b>Cession de donn\u00e9es :<\/b> Concernant le contact et la consultation, il n&#8217;y aura aucune cession. En cas de mission professionnelle, il pourra y avoir communication de donn\u00e9es \u00e0 tous les tribunaux, administrations publiques, procureurs, experts priv\u00e9s ou autres professionnels devant ou jug\u00e9s opportuns d&#8217;intervenir.<\/span>\u00a0<\/p><p><span data-path-to-node=\"2,9,2,0\"><b>Droits :<\/b> Acc\u00e9der, rectifier et supprimer vos donn\u00e9es, demander leur portabilit\u00e9, vous opposer au traitement et demander sa limitation.<\/span>\u00a0<\/p><p><span data-path-to-node=\"2,11,2,0\"><b>Qui est le responsable du traitement de vos donn\u00e9es ?<\/b><\/span>\u00a0<\/p><p><span data-path-to-node=\"2,12,2,0\">Le pr\u00e9sent site newfish.es est la propri\u00e9t\u00e9 de et g\u00e9r\u00e9 par NEWFISH dont les donn\u00e9es compl\u00e8tes sont les suivantes :<\/span>\u00a0<\/p><p><strong>Nom Commercial : NEWFISH\u00a0<\/strong><\/p><p><strong>D\u00e9nomination Sociale : NEWFISH, S.L.\u00a0<\/strong><\/p><p><strong>NIF\/TVA : B-85059368\u00a0<\/strong><\/p><p><strong>Adresse : C\/ LAGASCA, n\u00ba88 \u2013 4\u00ba 28001 MADRID\u00a0<\/strong><\/p><p><strong>T\u00e9l\u00e9phone : 944 806 720\u00a0<\/strong><\/p><p><strong>Courriel : info@newfish.es\u00a0<\/strong><\/p><p><span data-path-to-node=\"2,20,2,0\"><b>Dans quel but traitons-nous vos donn\u00e9es personnelles ?<\/b><\/span>\u00a0<\/p><p><span data-path-to-node=\"2,21,2,0\">Nous traiterons vos donn\u00e9es afin de g\u00e9rer le contact que vous avez effectu\u00e9 ou la consultation que vous nous avez envoy\u00e9e. Si vous nous confiez une mission professionnelle, les finalit\u00e9s l\u00e9gitimes du traitement des donn\u00e9es personnelles seront la gestion professionnelle, administrative, comptable et fiscale, ainsi que l&#8217;archivage du dossier.<\/span>\u00a0<\/p><p><span data-path-to-node=\"2,23,2,0\"><b>Combien de temps conserverons-nous vos donn\u00e9es ?<\/b><\/span>\u00a0<\/p><p><span data-path-to-node=\"2,24,2,0\">Les donn\u00e9es personnelles fournies seront conserv\u00e9es aussi longtemps que n\u00e9cessaire pour g\u00e9rer le contact, la consultation ou la mission que vous nous confiez. De m\u00eame, elles seront conserv\u00e9es pendant la dur\u00e9e l\u00e9galement n\u00e9cessaire conform\u00e9ment \u00e0 la l\u00e9gislation en vigueur.<\/span>\u00a0<\/p><p><span data-path-to-node=\"2,26,2,0\"><b>L\u00e9gitimation<\/b><\/span>\u00a0<\/p><p><span data-path-to-node=\"2,27,2,0\">La l\u00e9gitimation du traitement de vos donn\u00e9es est le consentement que vous donnez en envoyant le formulaire de contact ou la consultation. Si une mission professionnelle survient, la l\u00e9gitimation du traitement sera la relation contractuelle \u00e9tablie avec NEWFISH S.L. et le respect des obligations professionnelles et l\u00e9gales qui en d\u00e9coulent.<\/span>\u00a0<\/p><p><span data-path-to-node=\"2,29,2,0\"><b>\u00c0 quels destinataires vos donn\u00e9es seront-elles communiqu\u00e9es ?<\/b><\/span>\u00a0<\/p><p><span data-path-to-node=\"2,30,2,0\">Les donn\u00e9es d\u00e9coulant du contact et de la consultation ne feront l&#8217;objet d&#8217;aucune communication \u00e0 des tiers. Dans le cas o\u00f9 une mission professionnelle surviendrait ult\u00e9rieurement, les donn\u00e9es personnelles fournies par le client pourront \u00eatre communiqu\u00e9es dans les \u00e9crits et dans les documents y aff\u00e9rents aux tribunaux ou, le cas \u00e9ch\u00e9ant, aux administrations publiques, pour l&#8217;ex\u00e9cution de la mission confi\u00e9e, ainsi qu&#8217;aux procureurs, experts et autres professionnels qui doivent ou devraient intervenir.<\/span>\u00a0<\/p><p><span data-path-to-node=\"2,32,2,0\"><b>Quels sont vos droits ?<\/b><\/span>\u00a0<\/p><p><span data-path-to-node=\"2,33,2,0\"><span class=\"citation-223 citation-end-223\">Toute personne a le droit d&#8217;obtenir la confirmation que nous traitons ou non des donn\u00e9es personnelles la concernant. Les personnes concern\u00e9es ont le droit d&#8217;acc\u00e9der \u00e0 leurs donn\u00e9es personnelles <\/span>et d&#8217;obtenir une copie des donn\u00e9es personnelles faisant l&#8217;objet du traitement, de les mettre \u00e0 jour, ainsi que de demander la rectification des donn\u00e9es inexactes ou, le cas \u00e9ch\u00e9ant, de demander leur suppression lorsque, entre autres motifs, les donn\u00e9es ne sont plus n\u00e9cessaires aux fins pour lesquelles elles ont \u00e9t\u00e9 collect\u00e9es.<\/span>\u00a0<\/p><p><span data-path-to-node=\"2,34,2,0\">Dans certaines circonstances pr\u00e9vues \u00e0 l&#8217;art. 18 du RGPD, les personnes concern\u00e9es peuvent demander la limitation du traitement de leurs donn\u00e9es, auquel cas nous ne les conserverons que pour l&#8217;exercice ou la d\u00e9fense de r\u00e9clamations.<\/span>\u00a0<\/p><p><span data-path-to-node=\"2,35,2,0\">En cons\u00e9quence de l&#8217;application du droit \u00e0 l&#8217;effacement ou \u00e0 l&#8217;opposition au traitement des donn\u00e9es personnelles dans l&#8217;environnement en ligne, les personnes concern\u00e9es ont le droit \u00e0 l&#8217;oubli selon la jurisprudence de la Cour de Justice de l&#8217;U.E.<\/span>\u00a0<\/p><p><span data-path-to-node=\"2,36,2,0\">Les personnes concern\u00e9es peuvent s&#8217;opposer au traitement de leurs donn\u00e9es \u00e0 des fins de marketing, y compris le profilage.<\/span>\u00a0<\/p><p><span data-path-to-node=\"2,38,2,0\"><b>Comment les droits peuvent-ils \u00eatre exerc\u00e9s ?<\/b><\/span>\u00a0<\/p><p><span data-path-to-node=\"2,39,2,0\">Par \u00e9crit adress\u00e9 \u00e0 NEWFISH S.L. \u00e0 l&#8217;adresse figurant au d\u00e9but du pr\u00e9sent document d&#8217;information \u00e0 l&#8217;attention du D\u00e9l\u00e9gu\u00e9 \u00e0 la Protection des Donn\u00e9es sous l&#8217;objet &#8220;RGPD&#8221; ou par courrier \u00e9lectronique envoy\u00e9 \u00e0 <b>COURRIEL<\/b> avec le m\u00eame objet.<\/span>\u00a0<\/p><p><span data-path-to-node=\"2,41,2,0\"><b>Quels recours existent ?<\/b><\/span>\u00a0<\/p><p><span style=\"font-weight: 400;\"><span data-path-to-node=\"2,42,2,0\">Si vous estimez que vos droits n&#8217;ont pas \u00e9t\u00e9 d\u00fbment respect\u00e9s, vous avez le droit de d\u00e9poser une r\u00e9clamation aupr\u00e8s de l&#8217;Agence Espagnole de Protection des Donn\u00e9es :<\/span>\u00a0<\/span><\/p><p><span style=\"font-weight: 400;\"><span data-path-to-node=\"2,43,2,0\">T\u00e9l : <b>901 100 099 \/ 91.266.35.17<\/b><\/span>\u00a0<\/span><\/p><p><span style=\"font-weight: 400;\"><span data-path-to-node=\"2,44,2,0\">Adresse : <b>C\/ Jorge Juan, 6 28001 \u2013 Madrid<\/b><\/span>\u00a0<\/span><\/p><p><span style=\"font-weight: 400;\"><span data-path-to-node=\"2,45,2,0\">Si\u00e8ge \u00e9lectronique : <b><a class=\"ng-star-inserted\" href=\"https:\/\/sedeagpd.gob.es\/sede-electr\u00f3nica-web\/\" target=\"_blank\" rel=\"noopener\">https:\/\/sedeagpd.gob.es\/sede-electr\u00f3nica-web\/<\/a><\/b><\/span>\u00a0<\/span><\/p><p><span data-path-to-node=\"2,46,2,0\">Web : <b>www.agpd.es<\/b><\/span>\u00a0<\/p><p><span data-path-to-node=\"2,48,2,0\"><b>Quelles cat\u00e9gories de donn\u00e9es peuvent \u00eatre trait\u00e9es par le cabinet ?<\/b><\/span>\u00a0<\/p><p><span data-path-to-node=\"2,49,2,0\">NEWFISH S.L. traitera les donn\u00e9es que vous nous fournirez, qui, compte tenu de l&#8217;ampleur que peuvent avoir les affaires confi\u00e9es ou les consultations effectu\u00e9es, peuvent \u00eatre des donn\u00e9es de cat\u00e9gories sp\u00e9ciales et des donn\u00e9es des cat\u00e9gories suivantes :<\/span>\u00a0<\/p><ul><li style=\"font-weight: 400;\" aria-level=\"1\"><span data-path-to-node=\"2,50,2,0\">De nature d&#8217;identification<\/span>\u00a0<\/li><li style=\"font-weight: 400;\" aria-level=\"1\"><span data-path-to-node=\"2,51,2,0\">Circonstances sociales<\/span>\u00a0<\/li><li style=\"font-weight: 400;\" aria-level=\"1\"><span data-path-to-node=\"2,52,2,0\">Donn\u00e9es de d\u00e9tail d&#8217;emploi<\/span>\u00a0<\/li><li style=\"font-weight: 400;\" aria-level=\"1\"><span data-path-to-node=\"2,53,2,0\">Caract\u00e9ristiques personnelles<\/span>\u00a0<\/li><li style=\"font-weight: 400;\" aria-level=\"1\"><span data-path-to-node=\"2,54,2,0\">Donn\u00e9es acad\u00e9miques et professionnelles<\/span>\u00a0<\/li><li style=\"font-weight: 400;\" aria-level=\"1\">Donn\u00e9es \u00e9conomiques, financi\u00e8res et d&#8217;assurance<\/li><\/ul>\t\t\t\t\t\t\t\t<\/div>\n\t\t\t\t<\/div>\n\t\t\t\t\t<\/div>\n\t\t\t\t<\/div>\n\t\t\t\t<\/div>\n\t\t","protected":false},"excerpt":{"rendered":"<p>POLITIQUE DE CONFIDENTIALIT\u00c9 PROTECTION DES DONN\u00c9ES\u00a0 Informations de base sur la protection des donn\u00e9es personnelles\u00a0 Conform\u00e9ment aux dispositions du R\u00e8glement G\u00e9n\u00e9ral sur la Protection des Donn\u00e9es relatives aux donn\u00e9es personnelles que vous allez fournir, l&#8217;int\u00e9ress\u00e9 est inform\u00e9 :\u00a0 Responsable du traitement : NEWFISH\u00a0 Finalit\u00e9 : La gestion des donn\u00e9es de contact, ainsi que, le cas [&hellip;]<\/p>\n","protected":false},"author":1,"featured_media":0,"parent":0,"menu_order":0,"comment_status":"closed","ping_status":"closed","template":"","meta":{"_acf_changed":false,"footnotes":""},"class_list":["post-10451","page","type-page","status-publish","hentry"],"acf":[],"yoast_head":"<!-- This site is optimized with the Yoast SEO plugin v26.1.1 - https:\/\/yoast.com\/wordpress\/plugins\/seo\/ -->\n<title>Politique de confidentialit\u00e9 | Newfish | Soluciones en Pescado Congelado<\/title>\n<meta name=\"robots\" content=\"index, follow, max-snippet:-1, max-image-preview:large, max-video-preview:-1\" \/>\n<link rel=\"canonical\" href=\"https:\/\/www.newfish.es\/fr\/politique-de-confidentialite\/\" \/>\n<meta property=\"og:locale\" content=\"fr_FR\" \/>\n<meta property=\"og:type\" content=\"article\" \/>\n<meta property=\"og:title\" content=\"Politique de confidentialit\u00e9 | Newfish | Soluciones en Pescado Congelado\" \/>\n<meta property=\"og:description\" content=\"POLITIQUE DE CONFIDENTIALIT\u00c9 PROTECTION DES DONN\u00c9ES\u00a0 Informations de base sur la protection des donn\u00e9es personnelles\u00a0 Conform\u00e9ment aux dispositions du R\u00e8glement G\u00e9n\u00e9ral sur la Protection des Donn\u00e9es relatives aux donn\u00e9es personnelles que vous allez fournir, l&#8217;int\u00e9ress\u00e9 est inform\u00e9 :\u00a0 Responsable du traitement : NEWFISH\u00a0 Finalit\u00e9 : La gestion des donn\u00e9es de contact, ainsi que, le cas [&hellip;]\" \/>\n<meta property=\"og:url\" content=\"https:\/\/www.newfish.es\/fr\/politique-de-confidentialite\/\" \/>\n<meta property=\"og:site_name\" content=\"Newfish | Soluciones en Pescado Congelado\" \/>\n<meta property=\"article:modified_time\" content=\"2025-11-27T11:30:57+00:00\" \/>\n<meta property=\"og:image\" content=\"https:\/\/www.newfish.es\/wp-content\/uploads\/2025\/09\/Joao-Castro-2.jpg\" \/>\n\t<meta property=\"og:image:width\" content=\"1900\" \/>\n\t<meta property=\"og:image:height\" content=\"1069\" \/>\n\t<meta property=\"og:image:type\" content=\"image\/jpeg\" \/>\n<meta name=\"twitter:card\" content=\"summary_large_image\" \/>\n<meta name=\"twitter:label1\" content=\"Dur\u00e9e de lecture estim\u00e9e\" \/>\n\t<meta name=\"twitter:data1\" content=\"4 minutes\" \/>\n<script type=\"application\/ld+json\" class=\"yoast-schema-graph\">{\"@context\":\"https:\/\/schema.org\",\"@graph\":[{\"@type\":\"WebPage\",\"@id\":\"https:\/\/www.newfish.es\/fr\/politique-de-confidentialite\/\",\"url\":\"https:\/\/www.newfish.es\/fr\/politique-de-confidentialite\/\",\"name\":\"Politique de confidentialit\u00e9 | Newfish | Soluciones en Pescado Congelado\",\"isPartOf\":{\"@id\":\"https:\/\/www.newfish.es\/#website\"},\"datePublished\":\"2025-10-13T11:23:11+00:00\",\"dateModified\":\"2025-11-27T11:30:57+00:00\",\"breadcrumb\":{\"@id\":\"https:\/\/www.newfish.es\/fr\/politique-de-confidentialite\/#breadcrumb\"},\"inLanguage\":\"fr-FR\",\"potentialAction\":[{\"@type\":\"ReadAction\",\"target\":[\"https:\/\/www.newfish.es\/fr\/politique-de-confidentialite\/\"]}]},{\"@type\":\"BreadcrumbList\",\"@id\":\"https:\/\/www.newfish.es\/fr\/politique-de-confidentialite\/#breadcrumb\",\"itemListElement\":[{\"@type\":\"ListItem\",\"position\":1,\"name\":\"Portada\",\"item\":\"https:\/\/www.newfish.es\/fr\/\"},{\"@type\":\"ListItem\",\"position\":2,\"name\":\"Politique de confidentialit\u00e9\"}]},{\"@type\":\"WebSite\",\"@id\":\"https:\/\/www.newfish.es\/#website\",\"url\":\"https:\/\/www.newfish.es\/\",\"name\":\"Newfish | Soluciones en Pescado Congelado\",\"description\":\"Tu aliado en frescura, calidad y log\u00edstica.\",\"publisher\":{\"@id\":\"https:\/\/www.newfish.es\/#organization\"},\"alternateName\":\"Newfish\",\"potentialAction\":[{\"@type\":\"SearchAction\",\"target\":{\"@type\":\"EntryPoint\",\"urlTemplate\":\"https:\/\/www.newfish.es\/?s={search_term_string}\"},\"query-input\":{\"@type\":\"PropertyValueSpecification\",\"valueRequired\":true,\"valueName\":\"search_term_string\"}}],\"inLanguage\":\"fr-FR\"},{\"@type\":\"Organization\",\"@id\":\"https:\/\/www.newfish.es\/#organization\",\"name\":\"Newfish | Soluciones en Pescado Congelado\",\"url\":\"https:\/\/www.newfish.es\/\",\"logo\":{\"@type\":\"ImageObject\",\"inLanguage\":\"fr-FR\",\"@id\":\"https:\/\/www.newfish.es\/#\/schema\/logo\/image\/\",\"url\":\"https:\/\/www.newfish.es\/wp-content\/uploads\/2025\/09\/LOGO-NEWFISH-BLUE-e1757498129216.png\",\"contentUrl\":\"https:\/\/www.newfish.es\/wp-content\/uploads\/2025\/09\/LOGO-NEWFISH-BLUE-e1757498129216.png\",\"width\":874,\"height\":679,\"caption\":\"Newfish | Soluciones en Pescado Congelado\"},\"image\":{\"@id\":\"https:\/\/www.newfish.es\/#\/schema\/logo\/image\/\"}}]}<\/script>\n<!-- \/ Yoast SEO plugin. -->","yoast_head_json":{"title":"Politique de confidentialit\u00e9 | Newfish | Soluciones en Pescado Congelado","robots":{"index":"index","follow":"follow","max-snippet":"max-snippet:-1","max-image-preview":"max-image-preview:large","max-video-preview":"max-video-preview:-1"},"canonical":"https:\/\/www.newfish.es\/fr\/politique-de-confidentialite\/","og_locale":"fr_FR","og_type":"article","og_title":"Politique de confidentialit\u00e9 | Newfish | Soluciones en Pescado Congelado","og_description":"POLITIQUE DE CONFIDENTIALIT\u00c9 PROTECTION DES DONN\u00c9ES\u00a0 Informations de base sur la protection des donn\u00e9es personnelles\u00a0 Conform\u00e9ment aux dispositions du R\u00e8glement G\u00e9n\u00e9ral sur la Protection des Donn\u00e9es relatives aux donn\u00e9es personnelles que vous allez fournir, l&#8217;int\u00e9ress\u00e9 est inform\u00e9 :\u00a0 Responsable du traitement : NEWFISH\u00a0 Finalit\u00e9 : La gestion des donn\u00e9es de contact, ainsi que, le cas [&hellip;]","og_url":"https:\/\/www.newfish.es\/fr\/politique-de-confidentialite\/","og_site_name":"Newfish | Soluciones en Pescado Congelado","article_modified_time":"2025-11-27T11:30:57+00:00","og_image":[{"width":1900,"height":1069,"url":"https:\/\/www.newfish.es\/wp-content\/uploads\/2025\/09\/Joao-Castro-2.jpg","type":"image\/jpeg"}],"twitter_card":"summary_large_image","twitter_misc":{"Dur\u00e9e de lecture estim\u00e9e":"4 minutes"},"schema":{"@context":"https:\/\/schema.org","@graph":[{"@type":"WebPage","@id":"https:\/\/www.newfish.es\/fr\/politique-de-confidentialite\/","url":"https:\/\/www.newfish.es\/fr\/politique-de-confidentialite\/","name":"Politique de confidentialit\u00e9 | Newfish | Soluciones en Pescado Congelado","isPartOf":{"@id":"https:\/\/www.newfish.es\/#website"},"datePublished":"2025-10-13T11:23:11+00:00","dateModified":"2025-11-27T11:30:57+00:00","breadcrumb":{"@id":"https:\/\/www.newfish.es\/fr\/politique-de-confidentialite\/#breadcrumb"},"inLanguage":"fr-FR","potentialAction":[{"@type":"ReadAction","target":["https:\/\/www.newfish.es\/fr\/politique-de-confidentialite\/"]}]},{"@type":"BreadcrumbList","@id":"https:\/\/www.newfish.es\/fr\/politique-de-confidentialite\/#breadcrumb","itemListElement":[{"@type":"ListItem","position":1,"name":"Portada","item":"https:\/\/www.newfish.es\/fr\/"},{"@type":"ListItem","position":2,"name":"Politique de confidentialit\u00e9"}]},{"@type":"WebSite","@id":"https:\/\/www.newfish.es\/#website","url":"https:\/\/www.newfish.es\/","name":"Newfish | Soluciones en Pescado Congelado","description":"Tu aliado en frescura, calidad y log\u00edstica.","publisher":{"@id":"https:\/\/www.newfish.es\/#organization"},"alternateName":"Newfish","potentialAction":[{"@type":"SearchAction","target":{"@type":"EntryPoint","urlTemplate":"https:\/\/www.newfish.es\/?s={search_term_string}"},"query-input":{"@type":"PropertyValueSpecification","valueRequired":true,"valueName":"search_term_string"}}],"inLanguage":"fr-FR"},{"@type":"Organization","@id":"https:\/\/www.newfish.es\/#organization","name":"Newfish | Soluciones en Pescado Congelado","url":"https:\/\/www.newfish.es\/","logo":{"@type":"ImageObject","inLanguage":"fr-FR","@id":"https:\/\/www.newfish.es\/#\/schema\/logo\/image\/","url":"https:\/\/www.newfish.es\/wp-content\/uploads\/2025\/09\/LOGO-NEWFISH-BLUE-e1757498129216.png","contentUrl":"https:\/\/www.newfish.es\/wp-content\/uploads\/2025\/09\/LOGO-NEWFISH-BLUE-e1757498129216.png","width":874,"height":679,"caption":"Newfish | Soluciones en Pescado Congelado"},"image":{"@id":"https:\/\/www.newfish.es\/#\/schema\/logo\/image\/"}}]}},"_links":{"self":[{"href":"https:\/\/www.newfish.es\/fr\/wp-json\/wp\/v2\/pages\/10451","targetHints":{"allow":["GET"]}}],"collection":[{"href":"https:\/\/www.newfish.es\/fr\/wp-json\/wp\/v2\/pages"}],"about":[{"href":"https:\/\/www.newfish.es\/fr\/wp-json\/wp\/v2\/types\/page"}],"author":[{"embeddable":true,"href":"https:\/\/www.newfish.es\/fr\/wp-json\/wp\/v2\/users\/1"}],"replies":[{"embeddable":true,"href":"https:\/\/www.newfish.es\/fr\/wp-json\/wp\/v2\/comments?post=10451"}],"version-history":[{"count":4,"href":"https:\/\/www.newfish.es\/fr\/wp-json\/wp\/v2\/pages\/10451\/revisions"}],"predecessor-version":[{"id":10488,"href":"https:\/\/www.newfish.es\/fr\/wp-json\/wp\/v2\/pages\/10451\/revisions\/10488"}],"wp:attachment":[{"href":"https:\/\/www.newfish.es\/fr\/wp-json\/wp\/v2\/media?parent=10451"}],"curies":[{"name":"wp","href":"https:\/\/api.w.org\/{rel}","templated":true}]}}